{"id":892,"date":"2017-12-29T19:49:02","date_gmt":"2017-12-29T17:49:02","guid":{"rendered":"http:\/\/www.felixpflieger.com\/?page_id=892"},"modified":"2026-01-30T17:23:04","modified_gmt":"2026-01-30T15:23:04","slug":"impressum","status":"publish","type":"page","link":"https:\/\/www.felixpflieger.com\/?page_id=892","title":{"rendered":"IMPRESSUM"},"content":{"rendered":"<div class=\"fusion-fullwidth fullwidth-box fusion-builder-row-1 fusion-flex-container nonhundred-percent-fullwidth non-hundred-percent-height-scrolling\" style=\"--awb-border-radius-top-left:0px;--awb-border-radius-top-right:0px;--awb-border-radius-bottom-right:0px;--awb-border-radius-bottom-left:0px;--awb-flex-wrap:wrap;\" ><div class=\"fusion-builder-row fusion-row fusion-flex-align-items-flex-start fusion-flex-content-wrap\" style=\"max-width:1248px;margin-left: calc(-4% \/ 2 );margin-right: calc(-4% \/ 2 );\"><div class=\"fusion-layout-column fusion_builder_column fusion-builder-column-0 fusion_builder_column_1_1 1_1 fusion-flex-column\" style=\"--awb-bg-size:cover;--awb-width-large:100%;--awb-margin-top-large:0px;--awb-spacing-right-large:1.92%;--awb-margin-bottom-large:20px;--awb-spacing-left-large:1.92%;--awb-width-medium:100%;--awb-spacing-right-medium:1.92%;--awb-spacing-left-medium:1.92%;--awb-width-small:100%;--awb-spacing-right-small:1.92%;--awb-spacing-left-small:1.92%;\"><div class=\"fusion-column-wrapper fusion-flex-justify-content-flex-start fusion-content-layout-column\"><div class=\"fusion-text fusion-text-1\"><p><strong>Impressum:<\/strong><\/p>\n<p>Inhaber: Felix Pflieger<\/p>\n<p><strong>Haftungsausschluss:<\/strong><br \/>Der Betreiber bem\u00fcht sich nach bestem Wissen und Gewissen um die Richtigkeit und Aktualit\u00e4t der Informationen, die auf dieser Internetpr\u00e4senz zur Verf\u00fcgung gestellt werden. Eventuelle Unklarheiten oder gar Fehler k\u00f6nnen trotzdem nicht g\u00e4nzlich ausgeschlossen werden. Eine Gew\u00e4hr \u00fcbernimmt der Betreiber daher nicht f\u00fcr die Korrektheit, Aktualit\u00e4t, Qualit\u00e4t und Vollst\u00e4ndigkeit der bereitgestellten Informationen. F\u00fcr Sch\u00e4den materieller und immaterieller Art, die durch die Nutzung oder Nichtnutzung der dargebotenen Informationen bzw. durch die Nutzung fehlerhafter und unvollst\u00e4ndiger Informationen unmittelbar oder mittelbar verursacht werden, haftet der Betreiber nicht. Der Betreiber \u00fcbernimmt keine Verantwortung f\u00fcr Inhalte von fremden Seiten, die \u00fcber Links dieser Internetpr\u00e4senz erreichbar sind<\/p>\n<\/div><\/div><\/div><\/div><\/div>\n","protected":false},"excerpt":{"rendered":"","protected":false},"author":1,"featured_media":0,"parent":0,"menu_order":0,"comment_status":"closed","ping_status":"closed","template":"","meta":{"footnotes":""},"class_list":["post-892","page","type-page","status-publish","hentry"],"jetpack_shortlink":"https:\/\/wp.me\/P4W6Gk-eo","jetpack_sharing_enabled":true,"_links":{"self":[{"href":"https:\/\/www.felixpflieger.com\/index.php?rest_route=\/wp\/v2\/pages\/892","targetHints":{"allow":["GET"]}}],"collection":[{"href":"https:\/\/www.felixpflieger.com\/index.php?rest_route=\/wp\/v2\/pages"}],"about":[{"href":"https:\/\/www.felixpflieger.com\/index.php?rest_route=\/wp\/v2\/types\/page"}],"author":[{"embeddable":true,"href":"https:\/\/www.felixpflieger.com\/index.php?rest_route=\/wp\/v2\/users\/1"}],"replies":[{"embeddable":true,"href":"https:\/\/www.felixpflieger.com\/index.php?rest_route=%2Fwp%2Fv2%2Fcomments&post=892"}],"version-history":[{"count":2,"href":"https:\/\/www.felixpflieger.com\/index.php?rest_route=\/wp\/v2\/pages\/892\/revisions"}],"predecessor-version":[{"id":2523,"href":"https:\/\/www.felixpflieger.com\/index.php?rest_route=\/wp\/v2\/pages\/892\/revisions\/2523"}],"wp:attachment":[{"href":"https:\/\/www.felixpflieger.com\/index.php?rest_route=%2Fwp%2Fv2%2Fmedia&parent=892"}],"curies":[{"name":"wp","href":"https:\/\/api.w.org\/{rel}","templated":true}]}}